{"id":98,"date":"2015-07-28T11:10:35","date_gmt":"2015-07-28T09:10:35","guid":{"rendered":"http:\/\/www.satzmacher.de\/texter\/?page_id=98"},"modified":"2023-02-27T08:44:19","modified_gmt":"2023-02-27T07:44:19","slug":"kontakt","status":"publish","type":"page","link":"https:\/\/www.satzmacher.de\/texter\/kontakt\/","title":{"rendered":"Kontakt"},"content":{"rendered":"<div class=\"row\">\n<div class=\"span4 col\">\n<div class=\"wpcf7 no-js\" id=\"wpcf7-f97-o1\" lang=\"de-DE\" dir=\"ltr\" data-wpcf7-id=\"97\">\n<div class=\"screen-reader-response\"><p role=\"status\" aria-live=\"polite\" aria-atomic=\"true\"><\/p> <ul><\/ul><\/div>\n<form action=\"\/texter\/wp-json\/wp\/v2\/pages\/98#wpcf7-f97-o1\" method=\"post\" class=\"wpcf7-form init\" aria-label=\"Kontaktformular\" novalidate=\"novalidate\" data-status=\"init\">\n<fieldset class=\"hidden-fields-container\"><input type=\"hidden\" name=\"_wpcf7\" value=\"97\" \/><input type=\"hidden\" name=\"_wpcf7_version\" value=\"6.1.5\" \/><input type=\"hidden\" name=\"_wpcf7_locale\" value=\"de_DE\" \/><input type=\"hidden\" name=\"_wpcf7_unit_tag\" value=\"wpcf7-f97-o1\" \/><input type=\"hidden\" name=\"_wpcf7_container_post\" value=\"0\" \/><input type=\"hidden\" name=\"_wpcf7_posted_data_hash\" value=\"\" \/>\n<\/fieldset>\n<p><span id=\"wpcf7-69f5fbffabe75-wrapper\" class=\"wpcf7-form-control-wrap Website-wrap\" style=\"display:none !important; visibility:hidden !important;\"><label for=\"wpcf7-69f5fbffabe75-field\" class=\"hp-message\">Bitte lasse dieses Feld leer.<\/label><input id=\"wpcf7-69f5fbffabe75-field\"  class=\"wpcf7-form-control wpcf7-text\" type=\"text\" name=\"Website\" value=\"\" size=\"40\" tabindex=\"-1\" autocomplete=\"new-password\" \/><\/span><br \/>\n<span class=\"wpcf7-form-control-wrap\" data-name=\"Name\"><input size=\"40\" maxlength=\"400\" class=\"wpcf7-form-control wpcf7-text\" aria-invalid=\"false\" placeholder=\"Ihr Name\" value=\"\" type=\"text\" name=\"Name\" \/><\/span>\n<\/p>\n<p><span class=\"wpcf7-form-control-wrap\" data-name=\"IhreE-Mail\"><input size=\"40\" maxlength=\"400\" class=\"wpcf7-form-control wpcf7-email wpcf7-validates-as-required wpcf7-text wpcf7-validates-as-email\" aria-required=\"true\" aria-invalid=\"false\" placeholder=\"Ihre E-Mail-Adresse*\" value=\"\" type=\"email\" name=\"IhreE-Mail\" \/><\/span>\n<\/p>\n<p><span class=\"wpcf7-form-control-wrap\" data-name=\"Firma\"><input size=\"40\" maxlength=\"400\" class=\"wpcf7-form-control wpcf7-text\" aria-invalid=\"false\" placeholder=\"Firma\" value=\"\" type=\"text\" name=\"Firma\" \/><\/span>\n<\/p>\n<p><span class=\"wpcf7-form-control-wrap\" data-name=\"IhreTelefonnummer\"><input size=\"40\" maxlength=\"400\" class=\"wpcf7-form-control wpcf7-tel wpcf7-text wpcf7-validates-as-tel\" aria-invalid=\"false\" placeholder=\"Ihre Telefonnummer\" value=\"\" type=\"tel\" name=\"IhreTelefonnummer\" \/><\/span>\n<\/p>\n<p><label> <span class=\"wpcf7-form-control-wrap\" data-name=\"your-subject\"><input size=\"40\" maxlength=\"400\" class=\"wpcf7-form-control wpcf7-text\" aria-invalid=\"false\" placeholder=\"Betreff\" value=\"\" type=\"text\" name=\"your-subject\" \/><\/span> <\/label>\n<\/p>\n<p><span class=\"wpcf7-form-control-wrap\" data-name=\"IhreNachricht\"><textarea cols=\"40\" rows=\"10\" maxlength=\"2000\" class=\"wpcf7-form-control wpcf7-textarea\" aria-invalid=\"false\" placeholder=\"Ihre Nachricht\" name=\"IhreNachricht\"><\/textarea><\/span>\n<\/p>\n<p><span class=\"wpcf7-form-control-wrap wpgdprc\"><span class=\"wpcf7-form-control wpcf7-wpgdprc wpcf7-validates-as-required\"><span class=\"wpcf7-list-item\"><input type=\"checkbox\" name=\"wpgdprc\" value=\"1\" aria-required=\"true\" aria-invalid=\"false\" \/><span class=\"wpcf7-list-item-label\">Sie erkl\u00e4ren sich mit der \u00dcbersendung Ihrer Anfrage \u00fcber unser Kontaktformular einverstanden, dass wir Ihre mitgeteilten personenbezogenen Daten zur Beantwortung Ihres Anliegens speichern und verarbeiten. Ihre Einwilligung k\u00f6nnen Sie jederzeit durch \u00dcbersendung einer Nachricht an die im Impressum genannte E-Mailadresse mit Wirkung f\u00fcr die Zukunft widerrufen.<\/span><\/span><\/span>    <\/span><br \/>\nMehr Infos: <a href=\"https:\/\/www.satzmacher.de\/texter\/2015\/07\/29\/datenschutz\/\" target=_blank\">Zur Datenschutzerkl\u00e4rung<\/a>\n<\/p>\n<p><input class=\"wpcf7-form-control wpcf7-submit has-spinner\" type=\"submit\" value=\"Senden\" \/>\n<\/p><input type='hidden' class='wpcf7-pum' value='{\"closepopup\":false,\"closedelay\":0,\"openpopup\":false,\"openpopup_id\":0}' \/><div class=\"wpcf7-response-output\" aria-hidden=\"true\"><\/div>\n<\/form>\n<\/div>\n<\/div>\n<div class=\"span2 col\"><strong>Satzmacher<\/strong><br \/>\nInh.: Sabine Schneider-J\u00fcrss<br \/>\nHermann-Hesse-Str. 44<br \/>\n70794 Filderstadt<br \/>\nTel: 07158 &#8211; 17 28 525<br \/>\nMail:<a href=\"mailto:post@satzmacher.de\"> post@satzmacher.de<\/a><\/p>\n<hr \/>\n<p>Klare Verh\u00e4ltnisse: Vertr\u00e4ge macht man, wenn man sich vertr\u00e4gt. So besteht sofort Klarheit \u00fcber die rechtliche Basis des Auftragsverh\u00e4ltnisses. Hier finden Sie die Allgemeinen Gesch\u00e4ftsbedingungen der Firma Satzmacher. F\u00fcr eine gute und partnerschaftliche Zusammenarbeit: <a href=\"https:\/\/www.satzmacher.de\/texter\/wp-content\/uploads\/2022\/12\/AGB__Satzmacher2.pdf\" target=\"_blank\" rel=\"noopener\">AGB_Satzmacher<\/a><\/p>\n<hr \/>\n<\/div>\n<\/div>\n<p>*Pflichtfelder: Die Informationen dieser Felder ben\u00f6tige ich, damit ich Ihre Anfrage beantworten kann.<\/p>\n","protected":false},"excerpt":{"rendered":"<p>Satzmacher Inh.: Sabine Schneider-J\u00fcrss Hermann-Hesse-Str. 44 70794 Filderstadt Tel: 07158 &#8211; 17 28 525 Mail: post@satzmacher.de Klare Verh\u00e4ltnisse: Vertr\u00e4ge macht man, wenn man sich vertr\u00e4gt. So besteht sofort Klarheit \u00fcber die rechtliche Basis des Auftragsverh\u00e4ltnisses. Hier finden Sie die Allgemeinen Gesch\u00e4ftsbedingungen der Firma Satzmacher. F\u00fcr eine gute und partnerschaftliche Zusammenarbeit: AGB_Satzmacher *Pflichtfelder: Die Informationen dieser&#8230;<\/p>\n","protected":false},"author":5,"featured_media":0,"parent":0,"menu_order":0,"comment_status":"closed","ping_status":"closed","template":"","meta":{"footnotes":""},"class_list":["post-98","page","type-page","status-publish","hentry"],"aioseo_notices":[],"_links":{"self":[{"href":"https:\/\/www.satzmacher.de\/texter\/wp-json\/wp\/v2\/pages\/98","targetHints":{"allow":["GET"]}}],"collection":[{"href":"https:\/\/www.satzmacher.de\/texter\/wp-json\/wp\/v2\/pages"}],"about":[{"href":"https:\/\/www.satzmacher.de\/texter\/wp-json\/wp\/v2\/types\/page"}],"author":[{"embeddable":true,"href":"https:\/\/www.satzmacher.de\/texter\/wp-json\/wp\/v2\/users\/5"}],"replies":[{"embeddable":true,"href":"https:\/\/www.satzmacher.de\/texter\/wp-json\/wp\/v2\/comments?post=98"}],"version-history":[{"count":32,"href":"https:\/\/www.satzmacher.de\/texter\/wp-json\/wp\/v2\/pages\/98\/revisions"}],"predecessor-version":[{"id":922,"href":"https:\/\/www.satzmacher.de\/texter\/wp-json\/wp\/v2\/pages\/98\/revisions\/922"}],"wp:attachment":[{"href":"https:\/\/www.satzmacher.de\/texter\/wp-json\/wp\/v2\/media?parent=98"}],"curies":[{"name":"wp","href":"https:\/\/api.w.org\/{rel}","templated":true}]}}